{"id":17,"date":"2017-09-03T11:36:40","date_gmt":"2017-09-03T11:36:40","guid":{"rendered":"https:\/\/aktiv-group.dk\/?page_id=17"},"modified":"2020-09-06T07:37:16","modified_gmt":"2020-09-06T07:37:16","slug":"17-2","status":"publish","type":"page","link":"https:\/\/aktiv-group.dk\/","title":{"rendered":"Forside"},"content":{"rendered":"<div class=\"entry\">\n<p>Vi er en handelsvirksomhed<br \/>\nAktiv-group blev stiftet i april 2009 og har siden besk\u00e6ftiget sig med drift og udvikling af koncepter p\u00e5 internettet.<br \/>\nI dag driver virksomheden med en r\u00e6kke webshops samt salg af flere typer af vare.<br \/>\nVores m\u00e5l er at vise skandinavien nye innovative produkter fra hele verden og at s\u00e6lge produkter direkte fra Danmark til danske virksomheder og privatpersoner<\/p>\n<h1><\/h1>\n<\/div>\n","protected":false},"excerpt":{"rendered":"<p>Vi er en handelsvirksomhed Aktiv-group blev stiftet i april 2009 og har siden besk\u00e6ftiget sig med drift og udvikling af koncepter p\u00e5 internettet. I dag driver virksomheden med en r\u00e6kke webshops samt salg af flere typer af vare. Vores m\u00e5l er at vise skandinavien nye innovative produkter fra hele verden og at s\u00e6lge produkter direkte &#8230;<\/p>\n","protected":false},"author":3,"featured_media":0,"parent":0,"menu_order":0,"comment_status":"closed","ping_status":"closed","template":"","meta":{"footnotes":""},"class_list":["post-17","page","type-page","status-publish"],"yoast_head":"<!-- This site is optimized with the Yoast SEO plugin v27.4 - https:\/\/yoast.com\/product\/yoast-seo-wordpress\/ -->\n<title>Forside - Aktiv-Group<\/title>\n<meta name=\"robots\" content=\"index, follow, max-snippet:-1, max-image-preview:large, max-video-preview:-1\" \/>\n<link rel=\"canonical\" href=\"https:\/\/aktiv-group.dk\/\" \/>\n<meta property=\"og:locale\" content=\"da_DK\" \/>\n<meta property=\"og:type\" content=\"article\" \/>\n<meta property=\"og:title\" content=\"Forside - Aktiv-Group\" \/>\n<meta property=\"og:description\" content=\"Vi er en handelsvirksomhed Aktiv-group blev stiftet i april 2009 og har siden besk\u00e6ftiget sig med drift og udvikling af koncepter p\u00e5 internettet. I dag driver virksomheden med en r\u00e6kke webshops samt salg af flere typer af vare. Vores m\u00e5l er at vise skandinavien nye innovative produkter fra hele verden og at s\u00e6lge produkter direkte ...\" \/>\n<meta property=\"og:url\" content=\"https:\/\/aktiv-group.dk\/\" \/>\n<meta property=\"og:site_name\" content=\"Aktiv-Group\" \/>\n<meta property=\"article:modified_time\" content=\"2020-09-06T07:37:16+00:00\" \/>\n<meta name=\"twitter:card\" content=\"summary_large_image\" \/>\n<script type=\"application\/ld+json\" class=\"yoast-schema-graph\">{\"@context\":\"https:\\\/\\\/schema.org\",\"@graph\":[{\"@type\":\"WebPage\",\"@id\":\"https:\\\/\\\/aktiv-group.dk\\\/\",\"url\":\"https:\\\/\\\/aktiv-group.dk\\\/\",\"name\":\"Forside - Aktiv-Group\",\"isPartOf\":{\"@id\":\"https:\\\/\\\/aktiv-group.dk\\\/#website\"},\"datePublished\":\"2017-09-03T11:36:40+00:00\",\"dateModified\":\"2020-09-06T07:37:16+00:00\",\"breadcrumb\":{\"@id\":\"https:\\\/\\\/aktiv-group.dk\\\/#breadcrumb\"},\"inLanguage\":\"da-DK\",\"potentialAction\":[{\"@type\":\"ReadAction\",\"target\":[\"https:\\\/\\\/aktiv-group.dk\\\/\"]}]},{\"@type\":\"BreadcrumbList\",\"@id\":\"https:\\\/\\\/aktiv-group.dk\\\/#breadcrumb\",\"itemListElement\":[{\"@type\":\"ListItem\",\"position\":1,\"name\":\"Hjem\",\"item\":\"https:\\\/\\\/aktiv-group.dk\\\/\"},{\"@type\":\"ListItem\",\"position\":2,\"name\":\"Forside\"}]},{\"@type\":\"WebSite\",\"@id\":\"https:\\\/\\\/aktiv-group.dk\\\/#website\",\"url\":\"https:\\\/\\\/aktiv-group.dk\\\/\",\"name\":\"Aktiv-Group\",\"description\":\"\",\"potentialAction\":[{\"@type\":\"SearchAction\",\"target\":{\"@type\":\"EntryPoint\",\"urlTemplate\":\"https:\\\/\\\/aktiv-group.dk\\\/?s={search_term_string}\"},\"query-input\":{\"@type\":\"PropertyValueSpecification\",\"valueRequired\":true,\"valueName\":\"search_term_string\"}}],\"inLanguage\":\"da-DK\"}]}<\/script>\n<!-- \/ Yoast SEO plugin. -->","yoast_head_json":{"title":"Forside - Aktiv-Group","robots":{"index":"index","follow":"follow","max-snippet":"max-snippet:-1","max-image-preview":"max-image-preview:large","max-video-preview":"max-video-preview:-1"},"canonical":"https:\/\/aktiv-group.dk\/","og_locale":"da_DK","og_type":"article","og_title":"Forside - Aktiv-Group","og_description":"Vi er en handelsvirksomhed Aktiv-group blev stiftet i april 2009 og har siden besk\u00e6ftiget sig med drift og udvikling af koncepter p\u00e5 internettet. I dag driver virksomheden med en r\u00e6kke webshops samt salg af flere typer af vare. Vores m\u00e5l er at vise skandinavien nye innovative produkter fra hele verden og at s\u00e6lge produkter direkte ...","og_url":"https:\/\/aktiv-group.dk\/","og_site_name":"Aktiv-Group","article_modified_time":"2020-09-06T07:37:16+00:00","twitter_card":"summary_large_image","schema":{"@context":"https:\/\/schema.org","@graph":[{"@type":"WebPage","@id":"https:\/\/aktiv-group.dk\/","url":"https:\/\/aktiv-group.dk\/","name":"Forside - Aktiv-Group","isPartOf":{"@id":"https:\/\/aktiv-group.dk\/#website"},"datePublished":"2017-09-03T11:36:40+00:00","dateModified":"2020-09-06T07:37:16+00:00","breadcrumb":{"@id":"https:\/\/aktiv-group.dk\/#breadcrumb"},"inLanguage":"da-DK","potentialAction":[{"@type":"ReadAction","target":["https:\/\/aktiv-group.dk\/"]}]},{"@type":"BreadcrumbList","@id":"https:\/\/aktiv-group.dk\/#breadcrumb","itemListElement":[{"@type":"ListItem","position":1,"name":"Hjem","item":"https:\/\/aktiv-group.dk\/"},{"@type":"ListItem","position":2,"name":"Forside"}]},{"@type":"WebSite","@id":"https:\/\/aktiv-group.dk\/#website","url":"https:\/\/aktiv-group.dk\/","name":"Aktiv-Group","description":"","potentialAction":[{"@type":"SearchAction","target":{"@type":"EntryPoint","urlTemplate":"https:\/\/aktiv-group.dk\/?s={search_term_string}"},"query-input":{"@type":"PropertyValueSpecification","valueRequired":true,"valueName":"search_term_string"}}],"inLanguage":"da-DK"}]}},"_links":{"self":[{"href":"https:\/\/aktiv-group.dk\/index.php?rest_route=\/wp\/v2\/pages\/17","targetHints":{"allow":["GET"]}}],"collection":[{"href":"https:\/\/aktiv-group.dk\/index.php?rest_route=\/wp\/v2\/pages"}],"about":[{"href":"https:\/\/aktiv-group.dk\/index.php?rest_route=\/wp\/v2\/types\/page"}],"author":[{"embeddable":true,"href":"https:\/\/aktiv-group.dk\/index.php?rest_route=\/wp\/v2\/users\/3"}],"replies":[{"embeddable":true,"href":"https:\/\/aktiv-group.dk\/index.php?rest_route=%2Fwp%2Fv2%2Fcomments&post=17"}],"version-history":[{"count":5,"href":"https:\/\/aktiv-group.dk\/index.php?rest_route=\/wp\/v2\/pages\/17\/revisions"}],"predecessor-version":[{"id":138,"href":"https:\/\/aktiv-group.dk\/index.php?rest_route=\/wp\/v2\/pages\/17\/revisions\/138"}],"wp:attachment":[{"href":"https:\/\/aktiv-group.dk\/index.php?rest_route=%2Fwp%2Fv2%2Fmedia&parent=17"}],"curies":[{"name":"wp","href":"https:\/\/api.w.org\/{rel}","templated":true}]}}